{"id":12953,"date":"2023-09-26T11:46:32","date_gmt":"2023-09-26T11:46:32","guid":{"rendered":"https:\/\/wp1.themevibrant.com\/newwp\/buildnox2\/?page_id=12953"},"modified":"2025-10-01T08:11:52","modified_gmt":"2025-10-01T08:11:52","slug":"a-propos","status":"publish","type":"page","link":"https:\/\/nisaconstruction.ca\/fr\/a-propos\/","title":{"rendered":"\u00c0 propos"},"content":{"rendered":"\t\t<div data-elementor-type=\"wp-page\" data-elementor-id=\"12953\" class=\"elementor elementor-12953\">\n\t\t\t\t\t\t<section class=\"elementor-section elementor-top-section elementor-element elementor-element-e57d071 elementor-section-boxed elementor-section-height-default elementor-section-height-default\" data-id=\"e57d071\" data-element_type=\"section\" data-settings=\"{&quot;background_background&quot;:&quot;classic&quot;}\">\n\t\t\t\t\t\t<div class=\"elementor-container elementor-column-gap-default\">\n\t\t\t\t\t<div class=\"elementor-column elementor-col-100 elementor-top-column elementor-element elementor-element-14fad80\" data-id=\"14fad80\" data-element_type=\"column\">\n\t\t\t<div class=\"elementor-widget-wrap elementor-element-populated\">\n\t\t\t\t\t\t<div class=\"elementor-element elementor-element-f8b519c elementor-widget elementor-widget-buildnox_hero_title\" data-id=\"f8b519c\" data-element_type=\"widget\" data-widget_type=\"buildnox_hero_title.default\">\n\t\t\t\t<div class=\"elementor-widget-container\">\n\t\t\t    \r\n        \r\n    <div class=\"build-title-wrap\">\r\n                <h6 class=\"te-bn-subtitle theme-color ff_sec fw_bold tt_u fs_14 ls_1 mb_15\"><span class=\"te-bn-subtitle_line w_30 h_2 theme-bg mr_10 d_iblock v_middle\"><\/span>\u00c0 PROPOS <\/h6>\r\n\t\t\t\t\t\r\n\t\t        <div class=\"main____title \">\r\n\t\t\t<h2 class=\"fw_black fs_45 mb_20 te-bn-title buildnox-size-default\">NISA CONSTRUCTION<\/h2>        <\/div>\r\n                \r\n\t\t            \r\n\t\t<p class=\"mb_50 fs_18 te-bn-text\"><\/p>\r\n            <\/div>   \r\n    \r\n    \t\t<\/div>\n\t\t\t\t<\/div>\n\t\t\t\t<div class=\"elementor-element elementor-element-3ff949a elementor-widget elementor-widget-text-editor\" data-id=\"3ff949a\" data-element_type=\"widget\" data-widget_type=\"text-editor.default\">\n\t\t\t\t<div class=\"elementor-widget-container\">\n\t\t\t<style>\/*! elementor - v3.21.0 - 20-05-2024 *\/\n.elementor-widget-text-editor.elementor-drop-cap-view-stacked .elementor-drop-cap{background-color:#69727d;color:#fff}.elementor-widget-text-editor.elementor-drop-cap-view-framed .elementor-drop-cap{color:#69727d;border:3px solid;background-color:transparent}.elementor-widget-text-editor:not(.elementor-drop-cap-view-default) .elementor-drop-cap{margin-top:8px}.elementor-widget-text-editor:not(.elementor-drop-cap-view-default) .elementor-drop-cap-letter{width:1em;height:1em}.elementor-widget-text-editor .elementor-drop-cap{float:left;text-align:center;line-height:1;font-size:50px}.elementor-widget-text-editor .elementor-drop-cap-letter{display:inline-block}<\/style>\t\t\t\t<p>Fond\u00e9e en 2016, nous sommes un entrepreneur g\u00e9n\u00e9ral de premier plan, sp\u00e9cialis\u00e9 dans la construction r\u00e9sidentielle et commerciale, ainsi que dans les r\u00e9novations. Engag\u00e9s \u00e0 offrir l&#8217;excellence, nous fournissons des services de haute qualit\u00e9 \u00e0 une large gamme de clients et de chantiers de construction. Forts de plus de 35 ans d&#8217;exp\u00e9rience dans l&#8217;industrie de la construction, nous avons \u00e9galement une expertise dans le secteur public, ayant travaill\u00e9 sur des projets tels que des mairies, des \u00e9coles et des b\u00e2timents gouvernementaux. Nous sommes fiers de fournir des services de construction fiables, professionnels et exceptionnels. Nous accordons une grande importance \u00e0 nos clients et nous nous engageons \u00e0 r\u00e9pondre \u00e0 vos besoins, en vous accompagnant jusqu&#8217;\u00e0 l&#8217;ach\u00e8vement du projet. Choisissez-nous pour des services de construction fiables, professionnels et exceptionnels<\/p>\t\t\t\t\t\t<\/div>\n\t\t\t\t<\/div>\n\t\t\t\t\t<\/div>\n\t\t<\/div>\n\t\t\t\t\t<\/div>\n\t\t<\/section>\n\t\t\t\t<section class=\"elementor-section elementor-top-section elementor-element elementor-element-06067a9 elementor-section-full_width elementor-section-height-default elementor-section-height-default\" data-id=\"06067a9\" data-element_type=\"section\" data-settings=\"{&quot;background_background&quot;:&quot;classic&quot;}\">\n\t\t\t\t\t\t<div class=\"elementor-container elementor-column-gap-default\">\n\t\t\t\t\t<div class=\"elementor-column elementor-col-100 elementor-top-column elementor-element elementor-element-c2e3f4b\" data-id=\"c2e3f4b\" data-element_type=\"column\">\n\t\t\t<div class=\"elementor-widget-wrap elementor-element-populated\">\n\t\t\t\t\t\t<div class=\"elementor-element elementor-element-740b0dd elementor-widget-divider--view-line elementor-widget elementor-widget-divider\" data-id=\"740b0dd\" data-element_type=\"widget\" data-widget_type=\"divider.default\">\n\t\t\t\t<div class=\"elementor-widget-container\">\n\t\t\t<style>\/*! elementor - v3.21.0 - 20-05-2024 *\/\n.elementor-widget-divider{--divider-border-style:none;--divider-border-width:1px;--divider-color:#0c0d0e;--divider-icon-size:20px;--divider-element-spacing:10px;--divider-pattern-height:24px;--divider-pattern-size:20px;--divider-pattern-url:none;--divider-pattern-repeat:repeat-x}.elementor-widget-divider .elementor-divider{display:flex}.elementor-widget-divider .elementor-divider__text{font-size:15px;line-height:1;max-width:95%}.elementor-widget-divider .elementor-divider__element{margin:0 var(--divider-element-spacing);flex-shrink:0}.elementor-widget-divider .elementor-icon{font-size:var(--divider-icon-size)}.elementor-widget-divider .elementor-divider-separator{display:flex;margin:0;direction:ltr}.elementor-widget-divider--view-line_icon .elementor-divider-separator,.elementor-widget-divider--view-line_text .elementor-divider-separator{align-items:center}.elementor-widget-divider--view-line_icon .elementor-divider-separator:after,.elementor-widget-divider--view-line_icon .elementor-divider-separator:before,.elementor-widget-divider--view-line_text .elementor-divider-separator:after,.elementor-widget-divider--view-line_text .elementor-divider-separator:before{display:block;content:\"\";border-block-end:0;flex-grow:1;border-block-start:var(--divider-border-width) var(--divider-border-style) var(--divider-color)}.elementor-widget-divider--element-align-left .elementor-divider .elementor-divider-separator>.elementor-divider__svg:first-of-type{flex-grow:0;flex-shrink:100}.elementor-widget-divider--element-align-left .elementor-divider-separator:before{content:none}.elementor-widget-divider--element-align-left .elementor-divider__element{margin-left:0}.elementor-widget-divider--element-align-right .elementor-divider .elementor-divider-separator>.elementor-divider__svg:last-of-type{flex-grow:0;flex-shrink:100}.elementor-widget-divider--element-align-right .elementor-divider-separator:after{content:none}.elementor-widget-divider--element-align-right .elementor-divider__element{margin-right:0}.elementor-widget-divider--element-align-start .elementor-divider .elementor-divider-separator>.elementor-divider__svg:first-of-type{flex-grow:0;flex-shrink:100}.elementor-widget-divider--element-align-start .elementor-divider-separator:before{content:none}.elementor-widget-divider--element-align-start .elementor-divider__element{margin-inline-start:0}.elementor-widget-divider--element-align-end .elementor-divider .elementor-divider-separator>.elementor-divider__svg:last-of-type{flex-grow:0;flex-shrink:100}.elementor-widget-divider--element-align-end .elementor-divider-separator:after{content:none}.elementor-widget-divider--element-align-end .elementor-divider__element{margin-inline-end:0}.elementor-widget-divider:not(.elementor-widget-divider--view-line_text):not(.elementor-widget-divider--view-line_icon) .elementor-divider-separator{border-block-start:var(--divider-border-width) var(--divider-border-style) var(--divider-color)}.elementor-widget-divider--separator-type-pattern{--divider-border-style:none}.elementor-widget-divider--separator-type-pattern.elementor-widget-divider--view-line .elementor-divider-separator,.elementor-widget-divider--separator-type-pattern:not(.elementor-widget-divider--view-line) .elementor-divider-separator:after,.elementor-widget-divider--separator-type-pattern:not(.elementor-widget-divider--view-line) .elementor-divider-separator:before,.elementor-widget-divider--separator-type-pattern:not([class*=elementor-widget-divider--view]) .elementor-divider-separator{width:100%;min-height:var(--divider-pattern-height);-webkit-mask-size:var(--divider-pattern-size) 100%;mask-size:var(--divider-pattern-size) 100%;-webkit-mask-repeat:var(--divider-pattern-repeat);mask-repeat:var(--divider-pattern-repeat);background-color:var(--divider-color);-webkit-mask-image:var(--divider-pattern-url);mask-image:var(--divider-pattern-url)}.elementor-widget-divider--no-spacing{--divider-pattern-size:auto}.elementor-widget-divider--bg-round{--divider-pattern-repeat:round}.rtl .elementor-widget-divider .elementor-divider__text{direction:rtl}.e-con-inner>.elementor-widget-divider,.e-con>.elementor-widget-divider{width:var(--container-widget-width,100%);--flex-grow:var(--container-widget-flex-grow)}<\/style>\t\t<div class=\"elementor-divider\">\n\t\t\t<span class=\"elementor-divider-separator\">\n\t\t\t\t\t\t<\/span>\n\t\t<\/div>\n\t\t\t\t<\/div>\n\t\t\t\t<\/div>\n\t\t\t\t\t<\/div>\n\t\t<\/div>\n\t\t\t\t\t<\/div>\n\t\t<\/section>\n\t\t\t\t<\/div>\n\t\t","protected":false},"excerpt":{"rendered":"<p>\u00c0 PROPOS NISA CONSTRUCTION Fond\u00e9e en 2016, nous sommes un entrepreneur g\u00e9n\u00e9ral de premier plan, sp\u00e9cialis\u00e9 dans la construction r\u00e9sidentielle et commerciale, ainsi que dans les r\u00e9novations. Engag\u00e9s \u00e0 offrir l&#8217;excellence, nous fournissons des services de haute qualit\u00e9 \u00e0 une large gamme de clients et de chantiers de construction. Forts de plus de 35 ans [&hellip;]<\/p>\n","protected":false},"author":1,"featured_media":0,"parent":0,"menu_order":0,"comment_status":"closed","ping_status":"closed","template":"tpl-default-elementor.php","meta":{"footnotes":""},"class_list":["post-12953","page","type-page","status-publish","hentry"],"_links":{"self":[{"href":"https:\/\/nisaconstruction.ca\/fr\/wp-json\/wp\/v2\/pages\/12953","targetHints":{"allow":["GET"]}}],"collection":[{"href":"https:\/\/nisaconstruction.ca\/fr\/wp-json\/wp\/v2\/pages"}],"about":[{"href":"https:\/\/nisaconstruction.ca\/fr\/wp-json\/wp\/v2\/types\/page"}],"author":[{"embeddable":true,"href":"https:\/\/nisaconstruction.ca\/fr\/wp-json\/wp\/v2\/users\/1"}],"replies":[{"embeddable":true,"href":"https:\/\/nisaconstruction.ca\/fr\/wp-json\/wp\/v2\/comments?post=12953"}],"version-history":[{"count":42,"href":"https:\/\/nisaconstruction.ca\/fr\/wp-json\/wp\/v2\/pages\/12953\/revisions"}],"predecessor-version":[{"id":17574,"href":"https:\/\/nisaconstruction.ca\/fr\/wp-json\/wp\/v2\/pages\/12953\/revisions\/17574"}],"wp:attachment":[{"href":"https:\/\/nisaconstruction.ca\/fr\/wp-json\/wp\/v2\/media?parent=12953"}],"curies":[{"name":"wp","href":"https:\/\/api.w.org\/{rel}","templated":true}]}}